{"id":13,"date":"2015-07-05T16:19:40","date_gmt":"2015-07-05T16:19:40","guid":{"rendered":"http:\/\/www.sabulo.com\/sb\/?page_id=13"},"modified":"2015-07-12T17:01:48","modified_gmt":"2015-07-12T17:01:48","slug":"avoin-lahdekoodi","status":"publish","type":"page","link":"https:\/\/www.sabulo.com\/sb\/avoin-lahdekoodi\/","title":{"rendered":"Avoin l\u00e4hdekoodi"},"content":{"rendered":"<p>Wikipedian mukaan avoimella l\u00e4hdekoodilla tarkoitetaan seuraavaa:<\/p>\n<p><b>&#8220;Avoin l\u00e4hdekoodi<\/b> (<a title=\"Englannin kieli\" href=\"https:\/\/fi.wikipedia.org\/wiki\/Englannin_kieli\">engl.<\/a> <span lang=\"en\" xml:lang=\"en\"><i>open\u00a0source<\/i><\/span> <span class=\"IPA\" title=\"Kansainv\u00e4lisen foneettisen aakkoston mukainen tarkekirjoitus\">[\u0259\u028ap\u0259n\u00a0s\u0254\u02d0s]<\/span>) tarkoittaa <a title=\"Tietokoneohjelma\" href=\"https:\/\/fi.wikipedia.org\/wiki\/Tietokoneohjelma\">tietokoneohjelmien<\/a> tuottamis-\u00a0ja kehitysmenetelmi\u00e4, jotka tarjoavat k\u00e4ytt\u00e4j\u00e4lle mahdollisuuden tutustua ohjelman <a title=\"L\u00e4hdekoodi\" href=\"https:\/\/fi.wikipedia.org\/wiki\/L%C3%A4hdekoodi\">l\u00e4hdekoodiin<\/a> ja muokata sit\u00e4 omien tarpeidensa mukaisesti. Avoimen l\u00e4hdekoodin periaatteisiin kuuluu my\u00f6s vapaus k\u00e4ytt\u00e4\u00e4 ohjelmaa mihin tahansa tarkoitukseen ja kopioida ja levitt\u00e4\u00e4 sek\u00e4 alkuper\u00e4ist\u00e4 ett\u00e4 muokattua versiota.<\/p>\n<p>Paitsi ohjelmistojen kehitysmenetelmiin avoimella l\u00e4hdekoodilla voidaan viitata my\u00f6s niiden avulla tuotettuihin ohjelmistoihin sek\u00e4 kehitt\u00e4j\u00e4yhteis\u00f6\u00f6n. K\u00e4yt\u00e4nn\u00f6ss\u00e4 avoin l\u00e4hdekoodi tarkoittaa pitk\u00e4lti samaa asiaa kuin <a class=\"mw-redirect\" title=\"Vapaat ohjelmistot\" href=\"https:\/\/fi.wikipedia.org\/wiki\/Vapaat_ohjelmistot\">vapaat ohjelmistot<\/a>, joista puhuttaessa halutaan usein painottaa ohjelmistokehityksen eettisi\u00e4 ulottuvuuksia. Avoimesta l\u00e4hdekoodista puhuttaessa huomio saattaa pikemminkin kiinnitty\u00e4 vapaudesta ja avoimuudesta seuraaviin k\u00e4yt\u00e4nn\u00f6n hy\u00f6tyihin. Vapaiden ohjelmistojen ja avoimen l\u00e4hdekoodin vastakohtana voidaan pit\u00e4\u00e4 <a title=\"Omisteinen ohjelmisto\" href=\"https:\/\/fi.wikipedia.org\/wiki\/Omisteinen_ohjelmisto\">omisteisia ohjelmistoja<\/a> ja suljettua l\u00e4hdekoodia.<\/p>\n<p>Tunnetuimpia avoimen l\u00e4hdekoodin tuotteita ovat <a title=\"Mozilla Firefox\" href=\"https:\/\/fi.wikipedia.org\/wiki\/Mozilla_Firefox\">Firefox<\/a>-selain, <a class=\"mw-redirect\" title=\"OpenOffice\" href=\"https:\/\/fi.wikipedia.org\/wiki\/OpenOffice\">OpenOffice<\/a>-toimisto-ohjelmisto ja <a title=\"Linux\" href=\"https:\/\/fi.wikipedia.org\/wiki\/Linux\">Linux<\/a>-k\u00e4ytt\u00f6j\u00e4rjestelm\u00e4, joka p\u00e4\u00e4osin muodostuu <a class=\"mw-redirect\" title=\"Linux-ydin\" href=\"https:\/\/fi.wikipedia.org\/wiki\/Linux-ydin\">Linux-ytimest\u00e4<\/a> ja <a title=\"GNU\" href=\"https:\/\/fi.wikipedia.org\/wiki\/GNU\">GNU<\/a>-hankkeen rakentamasta rungosta.&#8221;<\/p>\n<p><span style=\"line-height: 1.9;\">Aiemmin t\u00e4m\u00e4 ohjelmistojen jakelu- ja kehitt\u00e4mistie oli pienten harrastajapiirien k\u00e4yt\u00f6ss\u00e4. K\u00e4ytt\u00e4j\u00e4t saivat usein k\u00e4siins\u00e4 keskener\u00e4isi\u00e4 ja ominaisuuksiltaan vajavaisia ohjelmistoja. T\u00e4st\u00e4 j\u00e4i avoimiin ohjelmistoihin pitk\u00e4ksi aikaa sellainen leima, ett\u00e4 niist\u00e4 ei ole yritysk\u00e4ytt\u00f6\u00f6n.<\/span><\/p>\n<div class=\"pvc_clear\"><\/div>\n<p id=\"pvc_stats_13\" class=\"pvc_stats all  \" data-element-id=\"13\" style=\"\"><i class=\"pvc-stats-icon medium\" aria-hidden=\"true\"><svg aria-hidden=\"true\" focusable=\"false\" data-prefix=\"far\" data-icon=\"chart-bar\" role=\"img\" xmlns=\"http:\/\/www.w3.org\/2000\/svg\" viewBox=\"0 0 512 512\" class=\"svg-inline--fa fa-chart-bar fa-w-16 fa-2x\"><path fill=\"currentColor\" d=\"M396.8 352h22.4c6.4 0 12.8-6.4 12.8-12.8V108.8c0-6.4-6.4-12.8-12.8-12.8h-22.4c-6.4 0-12.8 6.4-12.8 12.8v230.4c0 6.4 6.4 12.8 12.8 12.8zm-192 0h22.4c6.4 0 12.8-6.4 12.8-12.8V140.8c0-6.4-6.4-12.8-12.8-12.8h-22.4c-6.4 0-12.8 6.4-12.8 12.8v198.4c0 6.4 6.4 12.8 12.8 12.8zm96 0h22.4c6.4 0 12.8-6.4 12.8-12.8V204.8c0-6.4-6.4-12.8-12.8-12.8h-22.4c-6.4 0-12.8 6.4-12.8 12.8v134.4c0 6.4 6.4 12.8 12.8 12.8zM496 400H48V80c0-8.84-7.16-16-16-16H16C7.16 64 0 71.16 0 80v336c0 17.67 14.33 32 32 32h464c8.84 0 16-7.16 16-16v-16c0-8.84-7.16-16-16-16zm-387.2-48h22.4c6.4 0 12.8-6.4 12.8-12.8v-70.4c0-6.4-6.4-12.8-12.8-12.8h-22.4c-6.4 0-12.8 6.4-12.8 12.8v70.4c0 6.4 6.4 12.8 12.8 12.8z\" class=\"\"><\/path><\/svg><\/i> <img data-recalc-dims=\"1\" loading=\"lazy\" decoding=\"async\" width=\"16\" height=\"16\" alt=\"Loading\" src=\"https:\/\/i0.wp.com\/www.sabulo.com\/sb\/wp-content\/plugins\/page-views-count\/ajax-loader-2x.gif?resize=16%2C16&#038;ssl=1\" border=0 \/><\/p>\n<div class=\"pvc_clear\"><\/div>\n","protected":false},"excerpt":{"rendered":"<p>Wikipedian mukaan avoimella l\u00e4hdekoodilla tarkoitetaan seuraavaa: &#8220;Avoin l\u00e4hdekoodi (engl. open\u00a0source [\u0259\u028ap\u0259n\u00a0s\u0254\u02d0s]) tarkoittaa tietokoneohjelmien tuottamis-\u00a0ja kehitysmenetelmi\u00e4, jotka tarjoavat k\u00e4ytt\u00e4j\u00e4lle mahdollisuuden tutustua &hellip; <a href=\"https:\/\/www.sabulo.com\/sb\/avoin-lahdekoodi\/\" class=\"more-link\">More <span class=\"screen-reader-text\">Avoin l\u00e4hdekoodi<\/span> <span class=\"meta-nav\">&rarr;<\/span><\/a><\/p>\n<div class=\"pvc_clear\"><\/div>\n<p id=\"pvc_stats_13\" class=\"pvc_stats all  \" data-element-id=\"13\" style=\"\"><i class=\"pvc-stats-icon medium\" aria-hidden=\"true\"><svg aria-hidden=\"true\" focusable=\"false\" data-prefix=\"far\" data-icon=\"chart-bar\" role=\"img\" xmlns=\"http:\/\/www.w3.org\/2000\/svg\" viewBox=\"0 0 512 512\" class=\"svg-inline--fa fa-chart-bar fa-w-16 fa-2x\"><path fill=\"currentColor\" d=\"M396.8 352h22.4c6.4 0 12.8-6.4 12.8-12.8V108.8c0-6.4-6.4-12.8-12.8-12.8h-22.4c-6.4 0-12.8 6.4-12.8 12.8v230.4c0 6.4 6.4 12.8 12.8 12.8zm-192 0h22.4c6.4 0 12.8-6.4 12.8-12.8V140.8c0-6.4-6.4-12.8-12.8-12.8h-22.4c-6.4 0-12.8 6.4-12.8 12.8v198.4c0 6.4 6.4 12.8 12.8 12.8zm96 0h22.4c6.4 0 12.8-6.4 12.8-12.8V204.8c0-6.4-6.4-12.8-12.8-12.8h-22.4c-6.4 0-12.8 6.4-12.8 12.8v134.4c0 6.4 6.4 12.8 12.8 12.8zM496 400H48V80c0-8.84-7.16-16-16-16H16C7.16 64 0 71.16 0 80v336c0 17.67 14.33 32 32 32h464c8.84 0 16-7.16 16-16v-16c0-8.84-7.16-16-16-16zm-387.2-48h22.4c6.4 0 12.8-6.4 12.8-12.8v-70.4c0-6.4-6.4-12.8-12.8-12.8h-22.4c-6.4 0-12.8 6.4-12.8 12.8v70.4c0 6.4 6.4 12.8 12.8 12.8z\" class=\"\"><\/path><\/svg><\/i> <img loading=\"lazy\" decoding=\"async\" width=\"16\" height=\"16\" alt=\"Loading\" src=\"https:\/\/www.sabulo.com\/sb\/wp-content\/plugins\/page-views-count\/ajax-loader-2x.gif\" border=0 \/><\/p>\n<div class=\"pvc_clear\"><\/div>\n","protected":false},"author":1,"featured_media":0,"parent":0,"menu_order":0,"comment_status":"open","ping_status":"open","template":"","meta":{"jetpack_post_was_ever_published":false,"footnotes":""},"class_list":["post-13","page","type-page","status-publish","hentry"],"jetpack_sharing_enabled":true,"jetpack_shortlink":"https:\/\/wp.me\/P6vhqE-d","_links":{"self":[{"href":"https:\/\/www.sabulo.com\/sb\/wp-json\/wp\/v2\/pages\/13","targetHints":{"allow":["GET"]}}],"collection":[{"href":"https:\/\/www.sabulo.com\/sb\/wp-json\/wp\/v2\/pages"}],"about":[{"href":"https:\/\/www.sabulo.com\/sb\/wp-json\/wp\/v2\/types\/page"}],"author":[{"embeddable":true,"href":"https:\/\/www.sabulo.com\/sb\/wp-json\/wp\/v2\/users\/1"}],"replies":[{"embeddable":true,"href":"https:\/\/www.sabulo.com\/sb\/wp-json\/wp\/v2\/comments?post=13"}],"version-history":[{"count":7,"href":"https:\/\/www.sabulo.com\/sb\/wp-json\/wp\/v2\/pages\/13\/revisions"}],"predecessor-version":[{"id":866,"href":"https:\/\/www.sabulo.com\/sb\/wp-json\/wp\/v2\/pages\/13\/revisions\/866"}],"wp:attachment":[{"href":"https:\/\/www.sabulo.com\/sb\/wp-json\/wp\/v2\/media?parent=13"}],"curies":[{"name":"wp","href":"https:\/\/api.w.org\/{rel}","templated":true}]}}